{"id":73491,"date":"2024-11-06T11:27:47","date_gmt":"2024-11-06T10:27:47","guid":{"rendered":"https:\/\/oculistavalbom.com\/account-details\/"},"modified":"2024-12-03T17:17:03","modified_gmt":"2024-12-03T16:17:03","slug":"account-details","status":"publish","type":"page","link":"https:\/\/oculistavalbom.com\/en\/account-details\/","title":{"rendered":"Account details"},"content":{"rendered":"<div class=\"woocommerce\">\n<div class=\"jet-woo-builder-woocommerce-myaccount-login-page\">\n\n\t<div class=\"woocommerce-notices-wrapper\"><\/div>\n\t<div id=\"customer_login\">\n\t\t\t\t<div data-elementor-type=\"jet-woo-builder-myaccount\" data-elementor-id=\"20385\" class=\"elementor elementor-20385\" data-elementor-post-type=\"jet-woo-builder\">\n\t\t\t\t\t\t<section class=\"elementor-section elementor-top-section elementor-element elementor-element-97cf6a3 elementor-section-boxed elementor-section-height-default elementor-section-height-default\" data-id=\"97cf6a3\" data-element_type=\"section\">\n\t\t\t\t\t\t<div class=\"elementor-container elementor-column-gap-default\">\n\t\t\t\t\t<div class=\"elementor-column elementor-col-100 elementor-top-column elementor-element elementor-element-993f4a7\" data-id=\"993f4a7\" data-element_type=\"column\">\n\t\t\t<div class=\"elementor-widget-wrap elementor-element-populated\">\n\t\t\t\t\t\t<div class=\"elementor-element elementor-element-35ae84e elementor-widget elementor-widget-jet-switcher\" data-id=\"35ae84e\" data-element_type=\"widget\" data-widget_type=\"jet-switcher.default\">\n\t\t\t\t<div class=\"elementor-widget-container\">\n\t\t\t\t\t<div class=\"jet-switcher jet-switcher--preset-1 jet-switcher-move-up-effect jet-switcher--disable\" data-settings=\"{&quot;effect&quot;:&quot;move-up&quot;}\">\n\t\t\t<div class=\"jet-switcher__control-wrapper\"><div class=\"jet-switcher__control-instance\">\n\t<div class=\"jet-switcher__control-handler\"><span><\/span><\/div>\n\t<div class=\"jet-switcher__control jet-switcher__control--disable\" role=\"button\" tabindex=\"0\" aria-controls=\"jet-switcher-content-disable-35ae84e\" aria-expanded=\"true\" aria-label=\"Login\"><div class=\"jet-switcher__label-text\">Login<\/div><\/div>\n\t<div class=\"jet-switcher__control jet-switcher__control--enable\" role=\"button\" tabindex=\"0\" aria-controls=\"jet-switcher-content-enable-35ae84e\" aria-expanded=\"false\" aria-label=\"Registo\"><div class=\"jet-switcher__label-text\">Registo<\/div><\/div>\n<\/div>\n\n<\/div>\n\t\t\t<div class=\"jet-switcher__content-wrapper\"><div id=\"jet-switcher-content-disable-35ae84e\" class=\"jet-switcher__content jet-switcher__content--disable active-content\" aria-hidden=\"false\">\t\t<div data-elementor-type=\"page\" data-elementor-id=\"47076\" class=\"elementor elementor-47076 elementor-20389\" data-elementor-post-type=\"elementor_library\">\n\t\t\t\t\t\t<section class=\"elementor-section elementor-top-section elementor-element elementor-element-d0b78a8 elementor-section-boxed elementor-section-height-default elementor-section-height-default\" data-id=\"d0b78a8\" data-element_type=\"section\">\n\t\t\t\t\t\t<div class=\"elementor-container elementor-column-gap-default\">\n\t\t\t\t\t<div class=\"elementor-column elementor-col-100 elementor-top-column elementor-element elementor-element-ccde9df\" data-id=\"ccde9df\" data-element_type=\"column\">\n\t\t\t<div class=\"elementor-widget-wrap elementor-element-populated\">\n\t\t\t\t\t\t<div class=\"elementor-element elementor-element-5aece99 elementor-widget elementor-widget-jet-myaccount-login-form\" data-id=\"5aece99\" data-element_type=\"widget\" data-widget_type=\"jet-myaccount-login-form.default\">\n\t\t\t\t<div class=\"elementor-widget-container\">\n\t\t\t\t\t<div class=\"elementor-jet-myaccount-login-form jet-woo-builder\">\n<h2>Login<\/h2>\n\n<form class=\"woocommerce-form woocommerce-form-login login\" method=\"post\" novalidate>\n\n\t\n\t<p class=\"woocommerce-form-row woocommerce-form-row--wide form-row form-row-wide\">\n\t\t<label for=\"username\">Username or email address&nbsp;<span class=\"required\">*<\/span><\/label>\n\t\t<input type=\"text\" class=\"woocommerce-Input woocommerce-Input--text input-text\" name=\"username\" id=\"username\" autocomplete=\"username\" value=\"\" \/>\t<\/p>\n\t<p class=\"woocommerce-form-row woocommerce-form-row--wide form-row form-row-wide\">\n\t\t<label for=\"password\">Password&nbsp;<span class=\"required\">*<\/span><\/label>\n\t\t<input class=\"woocommerce-Input woocommerce-Input--text input-text\" type=\"password\" name=\"password\" id=\"password\" autocomplete=\"current-password\" \/>\n\t<\/p>\n\n\t\t\t<div id=\"cf-turnstile-woo-login-844043923\"\r\n\t\tclass=\"cf-turnstile sct-woocommerce-login\" \t\tdata-sitekey=\"0x4AAAAAAAfk-jJ5rsMS8s4H\"\r\n\t\tdata-theme=\"light\"\r\n\t\tdata-language=\"pt-br\"\r\n\t\tdata-size=\"\"\r\n\t\tdata-retry=\"auto\" data-retry-interval=\"1000\"\r\n\t\tdata-action=\"woocommerce-login-844043923\"\r\n\t\t\t\tdata-appearance=\"always\"><\/div>\r\n\t\t\t<script>document.addEventListener(\"DOMContentLoaded\", function() { setTimeout(function(){ var e=document.getElementById(\"cf-turnstile-woo-login-844043923\"); e&&!e.innerHTML.trim()&&(turnstile.remove(\"#cf-turnstile-woo-login-844043923\"), turnstile.render(\"#cf-turnstile-woo-login-844043923\", {sitekey:\"0x4AAAAAAAfk-jJ5rsMS8s4H\"})); }, 0); });<\/script>\r\n\t\t\t<br class=\"cf-turnstile-br cf-turnstile-br-woo-login-844043923\">\r\n\t\t\t\t<style>#cf-turnstile-woo-login-844043923 { margin-left: -15px; }<\/style>\r\n\t\t<input type=\"hidden\" id=\"wpa_initiator\" class=\"wpa_initiator\" name=\"wpa_initiator\" value=\"\" \/>\n\t<p class=\"form-row\">\n\t\t<label class=\"woocommerce-form__label woocommerce-form__label-for-checkbox woocommerce-form-login__rememberme\">\n\t\t\t<input class=\"woocommerce-form__input woocommerce-form__input-checkbox\" name=\"rememberme\" type=\"checkbox\" id=\"rememberme\" value=\"forever\" \/> <span>Remember me<\/span>\n\t\t<\/label>\n\t\t<input type=\"hidden\" id=\"woocommerce-login-nonce\" name=\"woocommerce-login-nonce\" value=\"7fa6f8e032\" \/><input type=\"hidden\" name=\"_wp_http_referer\" value=\"\/en\/wp-json\/wp\/v2\/pages\/73491\" \/>\t\t<button type=\"submit\" class=\"woocommerce-button button woocommerce-form-login__submit \" name=\"login\" value=\"Log in\">Log in<\/button>\n\t<\/p>\n\t<p class=\"woocommerce-LostPassword lost_password\">\n\t\t<a href=\"https:\/\/oculistavalbom.com\/en\/my-account\/lost-password\/\">Lost your password?<\/a>\n\t<\/p>\n\n\t\n<\/form><\/div>\t\t\t\t<\/div>\n\t\t\t\t<\/div>\n\t\t\t\t\t<\/div>\n\t\t<\/div>\n\t\t\t\t\t<\/div>\n\t\t<\/section>\n\t\t\t\t<\/div>\n\t\t<\/div><div id=\"jet-switcher-content-enable-35ae84e\" class=\"jet-switcher__content jet-switcher__content--enable \" aria-hidden=\"true\">\t\t<div data-elementor-type=\"page\" data-elementor-id=\"47072\" class=\"elementor elementor-47072 elementor-20395\" data-elementor-post-type=\"elementor_library\">\n\t\t\t\t\t\t<section class=\"elementor-section elementor-top-section elementor-element elementor-element-f30a63f elementor-section-boxed elementor-section-height-default elementor-section-height-default\" data-id=\"f30a63f\" data-element_type=\"section\">\n\t\t\t\t\t\t<div class=\"elementor-container elementor-column-gap-default\">\n\t\t\t\t\t<div class=\"elementor-column elementor-col-100 elementor-top-column elementor-element elementor-element-9e2eebb\" data-id=\"9e2eebb\" data-element_type=\"column\">\n\t\t\t<div class=\"elementor-widget-wrap elementor-element-populated\">\n\t\t\t\t\t\t<div class=\"elementor-element elementor-element-2160fba elementor-widget elementor-widget-jet-myaccount-registration-form\" data-id=\"2160fba\" data-element_type=\"widget\" data-widget_type=\"jet-myaccount-registration-form.default\">\n\t\t\t\t<div class=\"elementor-widget-container\">\n\t\t\t\t\t<div class=\"elementor-jet-myaccount-registration-form jet-woo-builder\">\n<h2>Register<\/h2>\n\n<form method=\"post\" class=\"woocommerce-form woocommerce-form-register register\"  >\n\n\t\n\t\n\t<p class=\"woocommerce-form-row woocommerce-form-row--wide form-row form-row-wide\">\n\t\t<label for=\"reg_email\">Email address&nbsp;<span class=\"required\">*<\/span><\/label>\n\t\t<input type=\"email\" class=\"woocommerce-Input woocommerce-Input--text input-text\" name=\"email\" id=\"reg_email\" autocomplete=\"email\" value=\"\" \/>\t<\/p>\n\n\t\n\t\t<p>A link to set a new password will be sent to your email address.<\/p>\n\n\t\n\t\t\t<div id=\"cf-turnstile-woo-register-390378210\"\r\n\t\tclass=\"cf-turnstile sct-woocommerce-register\" \t\tdata-sitekey=\"0x4AAAAAAAfk-jJ5rsMS8s4H\"\r\n\t\tdata-theme=\"light\"\r\n\t\tdata-language=\"pt-br\"\r\n\t\tdata-size=\"\"\r\n\t\tdata-retry=\"auto\" data-retry-interval=\"1000\"\r\n\t\tdata-action=\"woocommerce-register-390378210\"\r\n\t\t\t\tdata-appearance=\"always\"><\/div>\r\n\t\t\t<script>document.addEventListener(\"DOMContentLoaded\", function() { setTimeout(function(){ var e=document.getElementById(\"cf-turnstile-woo-register-390378210\"); e&&!e.innerHTML.trim()&&(turnstile.remove(\"#cf-turnstile-woo-register-390378210\"), turnstile.render(\"#cf-turnstile-woo-register-390378210\", {sitekey:\"0x4AAAAAAAfk-jJ5rsMS8s4H\"})); }, 0); });<\/script>\r\n\t\t\t<br class=\"cf-turnstile-br cf-turnstile-br-woo-register-390378210\">\r\n\t\t\t\t<style>#cf-turnstile-woo-register-390378210 { margin-left: -15px; }<\/style>\r\n\t\t<wc-order-attribution-inputs><\/wc-order-attribution-inputs><div class=\"woocommerce-privacy-policy-text\"><p>Os seus dados pessoais ser\u00e3o utilizados para melhorar a sua experi\u00eancia por toda a loja, para gerir o acesso \u00e0 sua conta e para os prop\u00f3sitos descritos na nossa <a href=\"https:\/\/oculistavalbom.com\/politica-privacidade\/\" class=\"woocommerce-privacy-policy-link\" target=\"_blank\">privacy policy<\/a>.<\/p>\n<\/div>\n\t<p class=\"woocommerce-form-row form-row\">\n\t\t<input type=\"hidden\" id=\"woocommerce-register-nonce\" name=\"woocommerce-register-nonce\" value=\"94932235db\" \/><input type=\"hidden\" name=\"_wp_http_referer\" value=\"\/en\/wp-json\/wp\/v2\/pages\/73491\" \/>\t\t<button type=\"submit\" class=\"woocommerce-Button woocommerce-button button woocommerce-form-register__submit \" name=\"register\" value=\"Register\">Register<\/button>\n\t<\/p>\n\n\t\n<\/form><\/div>\t\t\t\t<\/div>\n\t\t\t\t<\/div>\n\t\t\t\t\t<\/div>\n\t\t<\/div>\n\t\t\t\t\t<\/div>\n\t\t<\/section>\n\t\t\t\t<\/div>\n\t\t<\/div><\/div>\n\t\t<\/div>\n\t\t\t\t\t\t<\/div>\n\t\t\t\t<\/div>\n\t\t\t\t\t<\/div>\n\t\t<\/div>\n\t\t\t\t\t<\/div>\n\t\t<\/section>\n\t\t\t\t<\/div>\n\t\t\t<\/div>\n\n\t\n<\/div>\n\n<\/div>\n","protected":false},"excerpt":{"rendered":"","protected":false},"author":11,"featured_media":0,"parent":0,"menu_order":0,"comment_status":"closed","ping_status":"closed","template":"","meta":{"footnotes":""},"class_list":["post-73491","page","type-page","status-publish","hentry"],"_links":{"self":[{"href":"https:\/\/oculistavalbom.com\/en\/wp-json\/wp\/v2\/pages\/73491","targetHints":{"allow":["GET"]}}],"collection":[{"href":"https:\/\/oculistavalbom.com\/en\/wp-json\/wp\/v2\/pages"}],"about":[{"href":"https:\/\/oculistavalbom.com\/en\/wp-json\/wp\/v2\/types\/page"}],"author":[{"embeddable":true,"href":"https:\/\/oculistavalbom.com\/en\/wp-json\/wp\/v2\/users\/11"}],"replies":[{"embeddable":true,"href":"https:\/\/oculistavalbom.com\/en\/wp-json\/wp\/v2\/comments?post=73491"}],"version-history":[{"count":1,"href":"https:\/\/oculistavalbom.com\/en\/wp-json\/wp\/v2\/pages\/73491\/revisions"}],"predecessor-version":[{"id":73492,"href":"https:\/\/oculistavalbom.com\/en\/wp-json\/wp\/v2\/pages\/73491\/revisions\/73492"}],"wp:attachment":[{"href":"https:\/\/oculistavalbom.com\/en\/wp-json\/wp\/v2\/media?parent=73491"}],"curies":[{"name":"wp","href":"https:\/\/api.w.org\/{rel}","templated":true}]}}